{"id":181,"date":"2018-11-27T15:40:56","date_gmt":"2018-11-27T13:40:56","guid":{"rendered":"https:\/\/balkanphysicalunion.info\/?page_id=181"},"modified":"2026-03-16T21:45:27","modified_gmt":"2026-03-16T19:45:27","slug":"council-delegates","status":"publish","type":"page","link":"https:\/\/balkanphysicalunion.info\/?page_id=181","title":{"rendered":"COUNCIL"},"content":{"rendered":"\t\t<div data-elementor-type=\"wp-post\" data-elementor-id=\"181\" class=\"elementor elementor-181\">\n\t\t\t\t\t\t<section class=\"elementor-section elementor-top-section elementor-element elementor-element-6ae695dd elementor-section-boxed elementor-section-height-default elementor-section-height-default\" data-id=\"6ae695dd\" data-element_type=\"section\" data-e-type=\"section\">\n\t\t\t\t\t\t<div class=\"elementor-container elementor-column-gap-default\">\n\t\t\t\t\t<div class=\"elementor-column elementor-col-100 elementor-top-column elementor-element elementor-element-3c61b24a\" data-id=\"3c61b24a\" data-element_type=\"column\" data-e-type=\"column\">\n\t\t\t<div class=\"elementor-widget-wrap elementor-element-populated\">\n\t\t\t\t\t\t<div class=\"elementor-element elementor-element-ffde35b elementor-widget elementor-widget-text-editor\" data-id=\"ffde35b\" data-element_type=\"widget\" data-e-type=\"widget\" data-widget_type=\"text-editor.default\">\n\t\t\t\t<div class=\"elementor-widget-container\">\n\t\t\t\t\t\t\t\t\t<h4>\u00a0<\/h4><h4><span style=\"text-decoration: underline;\"><strong><span style=\"color: #000000; text-decoration: underline;\">Members of the BPU Council 2025-2028<\/span><\/strong><\/span><\/h4><p><span style=\"text-decoration: underline;\"><strong>ALBANIA \u2013 UNION OF ALBANIAN PHYSICISTS<br \/><\/strong><\/span><strong>Prof. Dr. Polikron Dhoqina<\/strong><br \/>polikron.dhoqina@fshn.edu.al<br \/><strong>Dr. Klaudio Peqini<br \/><\/strong>klaudio.peqini@fshn.edu.al<br \/><strong>Silvana Mi\u04abo<\/strong><br \/>silvana.mico@yahoo.com<\/p><p><span style=\"text-decoration: underline;\"><strong>BULGARIA \u2013 UNION OF THE PHYSICISTS IN BULGARIA<\/strong><\/span><br \/><strong>Prof. Alexander Dreischuh<\/strong><br \/>AlexanderDreischuh@web.de<br \/><strong>Prof. Dr. habil. Ekaterina Batchvarova<\/strong><br \/>ekbatch@gmail.com<br \/><strong>Prof. Ivan LALOV<br \/><\/strong>nkojouharova@abv.bg<strong><br \/><\/strong><\/p><p><span style=\"text-decoration: underline;\"><strong>CYPRUS \u2013 CYPRUS PHYSICISTS SOCIETY<\/strong><\/span><br \/><strong>Dr. Demetrios Philippou<\/strong><br \/>demetriosph@gmail.com<br \/><strong>Dr. Georgios Tsalakos<\/strong><br \/>tsalakos.g@cyearn.pi.ac.cy<br \/><strong>Dr Aggelos Papageorgiou<\/strong><br \/>navagos.ap@gmail.com<\/p><p><span style=\"text-decoration: underline;\"><strong>GREECE \u2013 HELLENIC PHYSICAL SOCIETY<br \/><\/strong><\/span><strong>Dr. <\/strong><strong>Sofoklis Sotiriou<\/strong><br \/>sotiriou@ea.gr<br \/><strong>Professor Dionysios Vavougios<\/strong><br \/>dvavou@uth.gr<br \/><strong>Dr. Vourlias Kostas<\/strong><br \/>kostasvourlias@gmail.com<\/p><p><span style=\"text-decoration: underline;\"><strong>MOLDOVA \u2013 MOLDOVAN PHYSICAL SOCIETY<\/strong><\/span><br \/><strong>Dr. Eduard Monaico<\/strong><br \/>eduard.monaico@cnstm.utm.md<br \/><strong>Prof. Ion Tighineanu<\/strong><br \/>tiginyanu@gmail.com<br \/><strong>Prof. Mihai Macovei<\/strong><br \/>mihai.macovei@ifa.usm.md<\/p><p><span style=\"text-decoration: underline;\"><strong>MONTENEGRO \u2013 MONTENEGRIN SOCIETY OF MATHEMATICIANS AND PHYSICISTS<\/strong><\/span><br \/><strong>Prof. dr. Mara \u0160\u0107epanovi\u0107<\/strong><br \/>mara.scepanovic@gmail.com<br \/><strong>Prof. dr. Natasa Raicevic<\/strong><br \/>natasa.raicevic@cern.ch<br \/><strong>Prof. dr. Stevan Djurdjevic<\/strong><br \/>stevan.d.djurdjevic@gmail.com<\/p><p><span style=\"text-decoration: underline;\"><strong>NORTH MACEDONIA \u2013 SOCIETY OF PHYSICISTS OF MACEDONIA<\/strong><\/span><br \/><strong>Associate Professor Lambe Barandovski<\/strong><br \/>lambe@pmf.ukim.mk<br \/><strong>Prof. dr Danica Krstovska<\/strong><br \/>danica@pmf.ukim.mk<br \/><strong>Irena Zlatanovska<\/strong><br \/>zlatanovskairena@gmail.com<\/p><p><span style=\"text-decoration: underline;\"><strong>ROMANIA \u2013 ROMANIAN PHYSICS SOCIETY<\/strong><\/span><br \/><strong>Prof. Vasile Bercu,<\/strong><br \/>vasile.bercu@unibuc.ro<br \/><strong>Prof. Sebastian Popescu<\/strong><br \/>seba@uaic.ro<br \/><strong>Prof. Radu Constantinescu<\/strong><br \/>rconsta@central.ucv.ro<\/p><p><span style=\"text-decoration: underline;\"><strong>SERBIA \u2013 SERBIAN PHYSICAL SOCIETY<\/strong><\/span><br \/><strong>Prof. Bratislav Obradovi\u0107<\/strong><br \/>obrat@ff.bg.ac.rs<br \/><strong>Prof. Vladimir Markovi\u0107<\/strong><br \/>vmarkovic@kg.ac.rs<br \/><strong>Prof. Branka Radulovi\u0107<\/strong><br \/>branka.radulovic@df.uns.ac.rs<\/p><p><span style=\"text-decoration: underline;\"><strong>TURKEY \u2013 TURKISH PHYSICAL SOCIETY<\/strong><\/span><br \/><strong>Prof. Baki Akkus<\/strong><br \/>akkus@istanbul.edu.tr<br \/><strong>Prof. \u015eener Oktik<\/strong><br \/>seneroktik@maltepe.edu.tr<br \/><strong>Prof. \u00d6mer Yava\u0219<\/strong><br \/>yavas@ankara.edu.tr<\/p>\t\t\t\t\t\t\t\t<\/div>\n\t\t\t\t<\/div>\n\t\t\t\t\t<\/div>\n\t\t<\/div>\n\t\t\t\t\t<\/div>\n\t\t<\/section>\n\t\t\t\t<\/div>\n\t\t","protected":false},"excerpt":{"rendered":"<p>\u00a0 Members of the BPU Council 2025-2028 ALBANIA \u2013 UNION OF ALBANIAN PHYSICISTSProf. Dr. Polikron Dhoqinapolikron.dhoqina@fshn.edu.alDr. Klaudio Peqiniklaudio.peqini@fshn.edu.alSilvana Mi\u04abosilvana.mico@yahoo.com BULGARIA \u2013 UNION OF THE PHYSICISTS&hellip;<\/p>\n","protected":false},"author":3,"featured_media":0,"parent":0,"menu_order":0,"comment_status":"closed","ping_status":"closed","template":"","meta":{"footnotes":""},"class_list":["post-181","page","type-page","status-publish","hentry"],"_links":{"self":[{"href":"https:\/\/balkanphysicalunion.info\/index.php?rest_route=\/wp\/v2\/pages\/181","targetHints":{"allow":["GET"]}}],"collection":[{"href":"https:\/\/balkanphysicalunion.info\/index.php?rest_route=\/wp\/v2\/pages"}],"about":[{"href":"https:\/\/balkanphysicalunion.info\/index.php?rest_route=\/wp\/v2\/types\/page"}],"author":[{"embeddable":true,"href":"https:\/\/balkanphysicalunion.info\/index.php?rest_route=\/wp\/v2\/users\/3"}],"replies":[{"embeddable":true,"href":"https:\/\/balkanphysicalunion.info\/index.php?rest_route=%2Fwp%2Fv2%2Fcomments&post=181"}],"version-history":[{"count":90,"href":"https:\/\/balkanphysicalunion.info\/index.php?rest_route=\/wp\/v2\/pages\/181\/revisions"}],"predecessor-version":[{"id":6425,"href":"https:\/\/balkanphysicalunion.info\/index.php?rest_route=\/wp\/v2\/pages\/181\/revisions\/6425"}],"wp:attachment":[{"href":"https:\/\/balkanphysicalunion.info\/index.php?rest_route=%2Fwp%2Fv2%2Fmedia&parent=181"}],"curies":[{"name":"wp","href":"https:\/\/api.w.org\/{rel}","templated":true}]}}